{"id":1319,"date":"2021-11-21T15:14:41","date_gmt":"2021-11-21T15:14:41","guid":{"rendered":"https:\/\/dozakopanego.com\/?page_id=1319"},"modified":"2024-06-05T09:52:08","modified_gmt":"2024-06-05T09:52:08","slug":"services","status":"publish","type":"page","link":"https:\/\/dozakopanego.com\/?page_id=1319","title":{"rendered":"BONY PREZENTOWE"},"content":{"rendered":"\t\t<div data-elementor-type=\"wp-page\" data-elementor-id=\"1319\" class=\"elementor elementor-1319\">\n\t\t\t\t<div class=\"elementor-element elementor-element-08938a9 e-flex e-con-boxed e-con e-parent\" data-id=\"08938a9\" data-element_type=\"container\">\n\t\t\t\t\t<div class=\"e-con-inner\">\n\t\t\t\t<div class=\"elementor-element elementor-element-039e079 elementor-widget elementor-widget-spacer\" data-id=\"039e079\" data-element_type=\"widget\" data-widget_type=\"spacer.default\">\n\t\t\t\t<div class=\"elementor-widget-container\">\n\t\t\t\t\t<div class=\"elementor-spacer\">\n\t\t\t<div class=\"elementor-spacer-inner\"><\/div>\n\t\t<\/div>\n\t\t\t\t<\/div>\n\t\t\t\t<\/div>\n\t\t\t\t\t<\/div>\n\t\t\t\t<\/div>\n\t\t<div class=\"elementor-element elementor-element-4cb475b e-flex e-con-boxed e-con e-parent\" data-id=\"4cb475b\" data-element_type=\"container\">\n\t\t\t\t\t<div class=\"e-con-inner\">\n\t\t<div class=\"elementor-element elementor-element-9741bfd e-con-full e-flex e-con e-child\" data-id=\"9741bfd\" data-element_type=\"container\">\n\t\t\t\t<div class=\"elementor-element elementor-element-d90ef00 elementor-widget elementor-widget-image\" data-id=\"d90ef00\" data-element_type=\"widget\" data-widget_type=\"image.default\">\n\t\t\t\t<div class=\"elementor-widget-container\">\n\t\t\t\t\t\t\t\t\t\t\t\t\t<img fetchpriority=\"high\" decoding=\"async\" width=\"1748\" height=\"1240\" src=\"https:\/\/dozakopanego.com\/wp-content\/uploads\/2023\/12\/Black-Gold-Elegant-Gift-Voucher-Gift-Certificate.jpg\" class=\"attachment-full size-full wp-image-1941\" alt=\"\" srcset=\"https:\/\/dozakopanego.com\/wp-content\/uploads\/2023\/12\/Black-Gold-Elegant-Gift-Voucher-Gift-Certificate.jpg 1748w, https:\/\/dozakopanego.com\/wp-content\/uploads\/2023\/12\/Black-Gold-Elegant-Gift-Voucher-Gift-Certificate-300x213.jpg 300w, https:\/\/dozakopanego.com\/wp-content\/uploads\/2023\/12\/Black-Gold-Elegant-Gift-Voucher-Gift-Certificate-1024x726.jpg 1024w, https:\/\/dozakopanego.com\/wp-content\/uploads\/2023\/12\/Black-Gold-Elegant-Gift-Voucher-Gift-Certificate-768x545.jpg 768w, https:\/\/dozakopanego.com\/wp-content\/uploads\/2023\/12\/Black-Gold-Elegant-Gift-Voucher-Gift-Certificate-1536x1090.jpg 1536w\" sizes=\"(max-width: 1748px) 100vw, 1748px\" \/>\t\t\t\t\t\t\t\t\t\t\t\t\t<\/div>\n\t\t\t\t<\/div>\n\t\t\t\t<\/div>\n\t\t<div class=\"elementor-element elementor-element-458f621 e-con-full e-flex e-con e-child\" data-id=\"458f621\" data-element_type=\"container\">\n\t\t\t\t<div class=\"elementor-element elementor-element-57ee7d9 elementor-widget elementor-widget-heading\" data-id=\"57ee7d9\" data-element_type=\"widget\" data-widget_type=\"heading.default\">\n\t\t\t\t<div class=\"elementor-widget-container\">\n\t\t\t<h4 class=\"elementor-heading-title elementor-size-default\"><span class=\"typed-me\" data-string0=\"BONY PODARUNKOWE\" data-type-speed=\"55\" data-start-delay=\"0\" data-back-speed=\"40\" data-back-delay=\"5\" data-loop-count=\"2\" data-loop=\"1\"><\/span>\n<\/h4>\t\t<\/div>\n\t\t\t\t<\/div>\n\t\t\t\t<div class=\"elementor-element elementor-element-9dbc1b1 elementor-widget elementor-widget-text-editor\" data-id=\"9dbc1b1\" data-element_type=\"widget\" data-widget_type=\"text-editor.default\">\n\t\t\t\t<div class=\"elementor-widget-container\">\n\t\t\t\t\t\t\t<p>Podaruj voucher na prezent!&nbsp;Wyj\u0105tkowe, personalizowane bony prezentowe s\u0105 ju\u017c dost\u0119pne w naszej ofercie.<br><\/p><p><br><\/p>\n<p>Istnieje mo\u017cliwo\u015b\u0107 otrzymania bonu w formie elektronicznej lub papierowej. Minimalna warto\u015b\u0107 bonu to 100z\u0142.<br><br><\/p>\n<p>Skontaktuj si\u0119 z nami i spraw najbli\u017cszej osobie wyj\u0105tkowy prezent!&nbsp;<\/p>\n<p><\/p>\t\t\t\t\t\t<\/div>\n\t\t\t\t<\/div>\n\t\t\t\t<div class=\"elementor-element elementor-element-6e070d4 elementor-widget elementor-widget-heading\" data-id=\"6e070d4\" data-element_type=\"widget\" data-widget_type=\"heading.default\">\n\t\t\t\t<div class=\"elementor-widget-container\">\n\t\t\t<h3 class=\"elementor-heading-title elementor-size-default\">OD  100z\u0142<\/h3>\t\t<\/div>\n\t\t\t\t<\/div>\n\t\t\t\t<\/div>\n\t\t\t\t\t<\/div>\n\t\t\t\t<\/div>\n\t\t<div class=\"elementor-element elementor-element-ff02acf e-flex e-con-boxed e-con e-parent\" data-id=\"ff02acf\" data-element_type=\"container\">\n\t\t\t\t\t<div class=\"e-con-inner\">\n\t\t\t\t<div class=\"elementor-element elementor-element-c7f2a85 elementor-widget-divider--view-line elementor-widget elementor-widget-divider\" data-id=\"c7f2a85\" data-element_type=\"widget\" data-widget_type=\"divider.default\">\n\t\t\t\t<div class=\"elementor-widget-container\">\n\t\t\t\t\t<div class=\"elementor-divider\">\n\t\t\t<span class=\"elementor-divider-separator\">\n\t\t\t\t\t\t<\/span>\n\t\t<\/div>\n\t\t\t\t<\/div>\n\t\t\t\t<\/div>\n\t\t\t\t\t<\/div>\n\t\t\t\t<\/div>\n\t\t<div class=\"elementor-element elementor-element-aae7b04 e-flex e-con-boxed e-con e-parent\" data-id=\"aae7b04\" data-element_type=\"container\">\n\t\t\t\t\t<div class=\"e-con-inner\">\n\t\t<div class=\"elementor-element elementor-element-884654e e-con-full e-flex e-con e-child\" data-id=\"884654e\" data-element_type=\"container\">\n\t\t\t\t<div class=\"elementor-element elementor-element-8ca2bd0 elementor-widget elementor-widget-heading\" data-id=\"8ca2bd0\" data-element_type=\"widget\" data-widget_type=\"heading.default\">\n\t\t\t\t<div class=\"elementor-widget-container\">\n\t\t\t<h2 class=\"elementor-heading-title elementor-size-default\">E-MAIL<\/h2>\t\t<\/div>\n\t\t\t\t<\/div>\n\t\t\t\t<div class=\"elementor-element elementor-element-ecd8a29 elementor-widget elementor-widget-text-editor\" data-id=\"ecd8a29\" data-element_type=\"widget\" data-widget_type=\"text-editor.default\">\n\t\t\t\t<div class=\"elementor-widget-container\">\n\t\t\t\t\t\t\t<div class=\"shortcode\"><div id=\"php\"><div id=\"typed\">JUBILERMARZEN@GMAIL.COM\u00a0<\/div><\/div><\/div>\t\t\t\t\t\t<\/div>\n\t\t\t\t<\/div>\n\t\t\t\t<\/div>\n\t\t<div class=\"elementor-element elementor-element-0a42985 e-con-full e-flex e-con e-child\" data-id=\"0a42985\" data-element_type=\"container\">\n\t\t\t\t<div class=\"elementor-element elementor-element-f42e43f elementor-widget elementor-widget-heading\" data-id=\"f42e43f\" data-element_type=\"widget\" data-widget_type=\"heading.default\">\n\t\t\t\t<div class=\"elementor-widget-container\">\n\t\t\t<h2 class=\"elementor-heading-title elementor-size-default\">TELEFON<\/h2>\t\t<\/div>\n\t\t\t\t<\/div>\n\t\t\t\t<div class=\"elementor-element elementor-element-0ef3efc elementor-widget elementor-widget-text-editor\" data-id=\"0ef3efc\" data-element_type=\"widget\" data-widget_type=\"text-editor.default\">\n\t\t\t\t<div class=\"elementor-widget-container\">\n\t\t\t\t\t\t\t<div id=\"typed\">+48 668 610 859<\/div>\t\t\t\t\t\t<\/div>\n\t\t\t\t<\/div>\n\t\t\t\t<\/div>\n\t\t\t\t\t<\/div>\n\t\t\t\t<\/div>\n\t\t<div class=\"elementor-element elementor-element-1af0ea3 e-flex e-con-boxed e-con e-parent\" data-id=\"1af0ea3\" data-element_type=\"container\">\n\t\t\t\t\t<div class=\"e-con-inner\">\n\t\t\t\t<div class=\"elementor-element elementor-element-b8ec479 elementor-widget elementor-widget-spacer\" data-id=\"b8ec479\" data-element_type=\"widget\" data-widget_type=\"spacer.default\">\n\t\t\t\t<div class=\"elementor-widget-container\">\n\t\t\t\t\t<div class=\"elementor-spacer\">\n\t\t\t<div class=\"elementor-spacer-inner\"><\/div>\n\t\t<\/div>\n\t\t\t\t<\/div>\n\t\t\t\t<\/div>\n\t\t\t\t\t<\/div>\n\t\t\t\t<\/div>\n\t\t\t\t<\/div>\n\t\t","protected":false},"excerpt":{"rendered":"<p>Podaruj voucher na prezent!&nbsp;Wyj\u0105tkowe, personalizowane bony prezentowe s\u0105 ju\u017c dost\u0119pne w naszej ofercie. Istnieje mo\u017cliwo\u015b\u0107 otrzymania bonu w formie elektronicznej lub papierowej. Minimalna warto\u015b\u0107 bonu to 100z\u0142. Skontaktuj si\u0119 z nami i spraw najbli\u017cszej osobie wyj\u0105tkowy prezent!&nbsp; OD 100z\u0142 E-MAIL JUBILERMARZEN@GMAIL.COM\u00a0 TELEFON +48 668 610 859<\/p>\n","protected":false},"author":1,"featured_media":0,"parent":0,"menu_order":0,"comment_status":"closed","ping_status":"closed","template":"","meta":{"site-sidebar-layout":"no-sidebar","site-content-layout":"page-builder","ast-site-content-layout":"full-width-container","site-content-style":"unboxed","site-sidebar-style":"unboxed","ast-global-header-display":"","ast-banner-title-visibility":"","ast-main-header-display":"","ast-hfb-above-header-display":"","ast-hfb-below-header-display":"","ast-hfb-mobile-header-display":"","site-post-title":"disabled","ast-breadcrumbs-content":"","ast-featured-img":"disabled","footer-sml-layout":"","theme-transparent-header-meta":"enabled","adv-header-id-meta":"","stick-header-meta":"","header-above-stick-meta":"","header-main-stick-meta":"","header-below-stick-meta":"","astra-migrate-meta-layouts":"set","ast-page-background-enabled":"default","ast-page-background-meta":{"desktop":{"background-color":"var(--ast-global-color-4)","background-image":"","background-repeat":"repeat","background-position":"center center","background-size":"auto","background-attachment":"scroll","background-type":"","background-media":"","overlay-type":"","overlay-color":"","overlay-opacity":"","overlay-gradient":""},"tablet":{"background-color":"","background-image":"","background-repeat":"repeat","background-position":"center center","background-size":"auto","background-attachment":"scroll","background-type":"","background-media":"","overlay-type":"","overlay-color":"","overlay-opacity":"","overlay-gradient":""},"mobile":{"background-color":"","background-image":"","background-repeat":"repeat","background-position":"center center","background-size":"auto","background-attachment":"scroll","background-type":"","background-media":"","overlay-type":"","overlay-color":"","overlay-opacity":"","overlay-gradient":""}},"ast-content-background-meta":{"desktop":{"background-color":"var(--ast-global-color-5)","background-image":"","background-repeat":"repeat","background-position":"center center","background-size":"auto","background-attachment":"scroll","background-type":"","background-media":"","overlay-type":"","overlay-color":"","overlay-opacity":"","overlay-gradient":""},"tablet":{"background-color":"var(--ast-global-color-5)","background-image":"","background-repeat":"repeat","background-position":"center center","background-size":"auto","background-attachment":"scroll","background-type":"","background-media":"","overlay-type":"","overlay-color":"","overlay-opacity":"","overlay-gradient":""},"mobile":{"background-color":"var(--ast-global-color-5)","background-image":"","background-repeat":"repeat","background-position":"center center","background-size":"auto","background-attachment":"scroll","background-type":"","background-media":"","overlay-type":"","overlay-color":"","overlay-opacity":"","overlay-gradient":""}},"footnotes":""},"_links":{"self":[{"href":"https:\/\/dozakopanego.com\/index.php?rest_route=\/wp\/v2\/pages\/1319"}],"collection":[{"href":"https:\/\/dozakopanego.com\/index.php?rest_route=\/wp\/v2\/pages"}],"about":[{"href":"https:\/\/dozakopanego.com\/index.php?rest_route=\/wp\/v2\/types\/page"}],"author":[{"embeddable":true,"href":"https:\/\/dozakopanego.com\/index.php?rest_route=\/wp\/v2\/users\/1"}],"replies":[{"embeddable":true,"href":"https:\/\/dozakopanego.com\/index.php?rest_route=%2Fwp%2Fv2%2Fcomments&post=1319"}],"version-history":[{"count":103,"href":"https:\/\/dozakopanego.com\/index.php?rest_route=\/wp\/v2\/pages\/1319\/revisions"}],"predecessor-version":[{"id":2154,"href":"https:\/\/dozakopanego.com\/index.php?rest_route=\/wp\/v2\/pages\/1319\/revisions\/2154"}],"wp:attachment":[{"href":"https:\/\/dozakopanego.com\/index.php?rest_route=%2Fwp%2Fv2%2Fmedia&parent=1319"}],"curies":[{"name":"wp","href":"https:\/\/api.w.org\/{rel}","templated":true}]}}